{"id":1492,"date":"2022-03-17T17:00:18","date_gmt":"2022-03-17T16:00:18","guid":{"rendered":"http:\/\/valentinbajolle.com\/fr\/?page_id=1492"},"modified":"2025-03-31T14:09:10","modified_gmt":"2025-03-31T12:09:10","slug":"text","status":"publish","type":"page","link":"https:\/\/valentinbajolle.com\/fr\/texte\/","title":{"rendered":"Texte"},"content":{"rendered":"<p>Les \u0153uvres que Valentin Bajolle fait na\u00eetre par le fusain font le r\u00e9cit d&rsquo;une mati\u00e8re vivante, o\u00f9 s&rsquo;arrangent librement r\u00e9flexions, sensations et formes emprunt\u00e9es au r\u00e9el et \u00e0 l&rsquo;imaginaire. Entre narration ambigu\u00eb<br \/>\net contemplation spontan\u00e9e se d\u00e9voilent tour \u00e0 tour paysages mentaux, \u00eatres hybrides et m\u00e9canique des fluides dans des espaces semi-sc\u00e9naris\u00e9s o\u00f9 se concentrent plus de questions que de r\u00e9ponses.<\/p>\n<p>Ce qui appartient au monde est marqu\u00e9 du sceau de l&rsquo;impermanence. \u00c0 l&rsquo;image du fusain, lui-m\u00eame issu d&rsquo;une transformation, les \u0153uvres tentent de capturer les fragments d&rsquo;une m\u00e9tamorphose continue.<br \/>\nAssistons-nous \u00e0 l&rsquo;origine ou \u00e0 la fin d&rsquo;un \u00e9v\u00e8nement\u2009? \u00c0 quel instant du cycle sommes-nous\u2009? Plusieurs strates d&rsquo;images et de lectures possibles co\u00efncident et fa\u00e7onnent un espace qu&rsquo;il nous appartient d&rsquo;explorer.<\/p>\n<p>.<br \/>\n.<br \/>\n.<br \/>\n.<br \/>\n.<br \/>\n.<\/p>\n<p><em>Empreintes<\/em><\/p>\n<p>La peinture de Valentin Bajolle pr\u00e9sente des compositions affranchies de\u00a0toute signification. Ni mots, ni signes, ni r\u00e9cits ne viennent interf\u00e9rer entre le regard et la toile. L\u2019\u0153uvre existe par elle-m\u00eame et se livre sans d\u00e9tours. Elle d\u00e9voile un espace autonome, r\u00e9gi par sa propre coh\u00e9rence, dans lequel chacun\u00b7e est libre d\u2019\u00e9voluer.  <\/p>\n<p>Chaque tableau est le t\u00e9moignage d\u2019une exploration spontan\u00e9e de la mati\u00e8re. Cette recherche s\u2019appuie sur les propri\u00e9t\u00e9s physiques de la peinture \u2013\u2009viscosit\u00e9, transparence, intensit\u00e9\u2009\u2009\u2013 en d\u00e9tournant les outils lui \u00e9tant ordinairement affili\u00e9s. <\/p>\n<p>Dans un processus en constante \u00e9volution, la couleur s\u2019accumule sur la surface puis se retire dans un s\u00e9rie de cycles successifs. Peu \u00e0 peu se r\u00e9v\u00e8lent sur la toile des jeux de lumi\u00e8re et de mouvement. L\u2019\u0153uvre aboutie est le r\u00e9sultat d\u2019un proc\u00e9d\u00e9 jonglant entre hasard et contr\u00f4le, un point d\u2019\u00e9quilibre.<\/p>\n<p>.<\/p>\n<p><em>Valentin Bajolle ouvre un espace int\u00e9rieur par une modulation o\u00f9 la mati\u00e8re de l\u2019air vit par un noir retrouv\u00e9 entre tourment et \u00e9lan, violence et tendresse, coup de poing et caresse. Ses peintures sont nerveuses, de textures qui s\u2019entrem\u00ealent. C\u2019est un vertige lent qui se rattrape, danse entre l\u2019attraction de\u00a0la terre et la lumi\u00e8re qui en na\u00eet, entre poids et l\u00e9g\u00e8ret\u00e9. La vie en somme.<br \/>\nJeanne Gatard, 2022<\/em><\/p>\n<p>.<br \/>\n.<br \/>\n.<br \/>\n.<br \/>\n.<br \/>\n.<\/p>\n<p><em>Fluides<\/em><\/p>\n<p>M\u00ealant peinture et dessin, cette s\u00e9rie pr\u00e9sente des paysages imaginaires r\u00e9gis par des ph\u00e9nom\u00e8nes en lien avec la nature : \u00e9rosion, \u00e9ruption, fusion, croissance. La mati\u00e8re devient tour \u00e0 tour solide, liquide, vaporeuse.<br \/>\nElle semble \u00eatre le produit d\u2019une r\u00e9action chimique ou physique au sein<br \/>\nd\u2019un espace, donnant naissance \u00e0 un objet. <\/p>\n<p>Dans un processus initialement proche d\u2019une \u00e9criture automatique pendant laquelle la mati\u00e8re s\u2019accumule sur la toile, je cherche \u00e0 r\u00e9v\u00e9ler des zones de confrontation, de frottement. Ces zones sont exprim\u00e9es par un cadrage d\u00e9terminant une silhouette, parachevant ainsi la formation d\u2019une figure. La peinture r\u00e9side alors \u00e0 la fronti\u00e8re de deux \u00e9tats, la frontalit\u00e9 d\u2019une abstraction<br \/>\net l\u2019illusion de l\u2019objet repr\u00e9sent\u00e9. <\/p>\n<p>Les surfaces montr\u00e9es sont le point \u00e9mergent d\u2019un volume d\u00e9ploy\u00e9 dans toute sa profondeur. Elles sont construites par le bin\u00f4me noir-blanc, un clair-obscur s\u2019\u00e9tirant du cach\u00e9 au r\u00e9v\u00e9l\u00e9. Ce qui se d\u00e9robe \u00e0 nous, dans les zones d\u2019ombre, c\u2019est l\u2019inaccessible du tableau, la part d\u2019indiscernable qui installe la forme dans un espace dont nous ne saisissons jamais qu\u2019un fragment.<\/p>\n<p>.<br \/>\n.<br \/>\n.<br \/>\n.<br \/>\n.<br \/>\n.<\/p>","protected":false},"excerpt":{"rendered":"<p>Les \u0153uvres que Valentin Bajolle fait na\u00eetre par le fusain font le r\u00e9cit d&rsquo;une mati\u00e8re vivante, o\u00f9 s&rsquo;arrangent librement r\u00e9flexions, sensations et formes emprunt\u00e9es au r\u00e9el et \u00e0 l&rsquo;imaginaire. Entre narration ambigu\u00eb et contemplation spontan\u00e9e se d\u00e9voilent tour \u00e0 tour paysages mentaux, \u00eatres hybrides et m\u00e9canique des fluides dans des espaces semi-sc\u00e9naris\u00e9s o\u00f9 se concentrent [&hellip;]<\/p>\n","protected":false},"author":1,"featured_media":0,"parent":0,"menu_order":0,"comment_status":"closed","ping_status":"closed","template":"template-text-2022.php","meta":[],"acf":[],"_links":{"self":[{"href":"https:\/\/valentinbajolle.com\/fr\/wp-json\/wp\/v2\/pages\/1492"}],"collection":[{"href":"https:\/\/valentinbajolle.com\/fr\/wp-json\/wp\/v2\/pages"}],"about":[{"href":"https:\/\/valentinbajolle.com\/fr\/wp-json\/wp\/v2\/types\/page"}],"author":[{"embeddable":true,"href":"https:\/\/valentinbajolle.com\/fr\/wp-json\/wp\/v2\/users\/1"}],"replies":[{"embeddable":true,"href":"https:\/\/valentinbajolle.com\/fr\/wp-json\/wp\/v2\/comments?post=1492"}],"version-history":[{"count":33,"href":"https:\/\/valentinbajolle.com\/fr\/wp-json\/wp\/v2\/pages\/1492\/revisions"}],"predecessor-version":[{"id":2380,"href":"https:\/\/valentinbajolle.com\/fr\/wp-json\/wp\/v2\/pages\/1492\/revisions\/2380"}],"wp:attachment":[{"href":"https:\/\/valentinbajolle.com\/fr\/wp-json\/wp\/v2\/media?parent=1492"}],"curies":[{"name":"wp","href":"https:\/\/api.w.org\/{rel}","templated":true}]}}